{"id":5283,"date":"2023-08-18T11:37:16","date_gmt":"2023-08-18T15:37:16","guid":{"rendered":"https:\/\/hidrosistemas.cl\/web\/?page_id=5283"},"modified":"2025-12-12T16:45:03","modified_gmt":"2025-12-12T20:45:03","slug":"contacto","status":"publish","type":"page","link":"https:\/\/hidrosistemas.cl\/web\/contacto\/","title":{"rendered":"Contacto"},"content":{"rendered":"\t\t<div data-elementor-type=\"wp-page\" data-elementor-id=\"5283\" class=\"elementor elementor-5283\" data-elementor-post-type=\"page\">\n\t\t\t\t\t\t<section class=\"elementor-section elementor-top-section elementor-element elementor-element-ae942d7 elementor-hidden-desktop elementor-hidden-tablet elementor-hidden-mobile elementor-section-boxed elementor-section-height-default elementor-section-height-default\" data-id=\"ae942d7\" data-element_type=\"section\" data-e-type=\"section\">\n\t\t\t\t\t\t\t<div class=\"elementor-background-overlay\"><\/div>\n\t\t\t\t\t\t\t<div class=\"elementor-container elementor-column-gap-default\">\n\t\t\t\t\t<div class=\"elementor-column elementor-col-50 elementor-top-column elementor-element elementor-element-f3b24d3\" data-id=\"f3b24d3\" data-element_type=\"column\" data-e-type=\"column\">\n\t\t\t<div class=\"elementor-widget-wrap elementor-element-populated\">\n\t\t\t\t\t\t<div class=\"elementor-element elementor-element-739cd64 elementor-widget elementor-widget-heading\" data-id=\"739cd64\" data-element_type=\"widget\" data-e-type=\"widget\" data-widget_type=\"heading.default\">\n\t\t\t\t<div class=\"elementor-widget-container\">\n\t\t\t\t\t<h2 class=\"elementor-heading-title elementor-size-default\">Inscr\u00edbete aqu\u00ed para el pr\u00f3ximo Webinar Microcom<\/h2>\t\t\t\t<\/div>\n\t\t\t\t<\/div>\n\t\t\t\t<div class=\"elementor-element elementor-element-277b2ae elementor-widget elementor-widget-text-editor\" data-id=\"277b2ae\" data-element_type=\"widget\" data-e-type=\"widget\" data-widget_type=\"text-editor.default\">\n\t\t\t\t<div class=\"elementor-widget-container\">\n\t\t\t\t\t\t\t\t\t<p>Mi\u00e9rcoles 11 de Octubre &#8211; 10:00 hrs.<\/p>\t\t\t\t\t\t\t\t<\/div>\n\t\t\t\t<\/div>\n\t\t\t\t\t<\/div>\n\t\t<\/div>\n\t\t\t\t<div class=\"elementor-column elementor-col-50 elementor-top-column elementor-element elementor-element-fb010ba\" data-id=\"fb010ba\" data-element_type=\"column\" data-e-type=\"column\">\n\t\t\t<div class=\"elementor-widget-wrap elementor-element-populated\">\n\t\t\t\t\t\t<div class=\"elementor-element elementor-element-6ea68c5 elementor-widget elementor-widget-image\" data-id=\"6ea68c5\" data-element_type=\"widget\" data-e-type=\"widget\" data-widget_type=\"image.default\">\n\t\t\t\t<div class=\"elementor-widget-container\">\n\t\t\t\t\t\t\t\t\t\t\t\t\t\t\t<img decoding=\"async\" width=\"400\" height=\"100\" src=\"https:\/\/hidrosistemas.cl\/web\/wp-content\/uploads\/2022\/10\/logo-microcom.png\" class=\"attachment-large size-large wp-image-865\" alt=\"logo-microcom\" srcset=\"https:\/\/hidrosistemas.cl\/web\/wp-content\/uploads\/2022\/10\/logo-microcom.png 400w, https:\/\/hidrosistemas.cl\/web\/wp-content\/uploads\/2022\/10\/logo-microcom-300x75.png 300w\" sizes=\"(max-width: 400px) 100vw, 400px\" \/>\t\t\t\t\t\t\t\t\t\t\t\t\t\t\t<\/div>\n\t\t\t\t<\/div>\n\t\t\t\t\t<\/div>\n\t\t<\/div>\n\t\t\t\t\t<\/div>\n\t\t<\/section>\n\t\t\t\t<section class=\"elementor-section elementor-top-section elementor-element elementor-element-5c18bd5 elementor-section-content-middle elementor-section-full_width elementor-section-height-default elementor-section-height-default\" data-id=\"5c18bd5\" data-element_type=\"section\" data-e-type=\"section\" data-settings=\"{&quot;background_background&quot;:&quot;classic&quot;}\">\n\t\t\t\t\t\t<div class=\"elementor-container elementor-column-gap-default\">\n\t\t\t\t\t<div class=\"elementor-column elementor-col-50 elementor-top-column elementor-element elementor-element-c2b4b4c\" data-id=\"c2b4b4c\" data-element_type=\"column\" data-e-type=\"column\">\n\t\t\t<div class=\"elementor-widget-wrap elementor-element-populated\">\n\t\t\t\t\t\t<div class=\"elementor-element elementor-element-7bd1149 elementor-widget elementor-widget-heading\" data-id=\"7bd1149\" data-element_type=\"widget\" data-e-type=\"widget\" data-widget_type=\"heading.default\">\n\t\t\t\t<div class=\"elementor-widget-container\">\n\t\t\t\t\t<h1 class=\"elementor-heading-title elementor-size-default\">Contacto Hidrosistemas<\/h1>\t\t\t\t<\/div>\n\t\t\t\t<\/div>\n\t\t\t\t<div class=\"elementor-element elementor-element-4afa751 elementor-widget elementor-widget-text-editor\" data-id=\"4afa751\" data-element_type=\"widget\" data-e-type=\"widget\" data-widget_type=\"text-editor.default\">\n\t\t\t\t<div class=\"elementor-widget-container\">\n\t\t\t\t\t\t\t\t\t<p>Si tienes alg\u00fan requerimiento o proyecto para la implementaci\u00f3n de tu pozo, sistema de extracci\u00f3n o instalaci\u00f3n de sistema de telemetr\u00eda Zeus para cumplir con la normativa DGA 1238 vigente, llena este formulario y te contactaremos a la brevedad.<\/p>\t\t\t\t\t\t\t\t<\/div>\n\t\t\t\t<\/div>\n\t\t\t\t\t<\/div>\n\t\t<\/div>\n\t\t\t\t<div class=\"elementor-column elementor-col-50 elementor-top-column elementor-element elementor-element-accbc47\" data-id=\"accbc47\" data-element_type=\"column\" data-e-type=\"column\" data-settings=\"{&quot;background_background&quot;:&quot;classic&quot;}\">\n\t\t\t<div class=\"elementor-widget-wrap elementor-element-populated\">\n\t\t\t\t\t\t<div class=\"elementor-element elementor-element-e39ac3a elementor-button-align-stretch elementor-widget elementor-widget-form\" data-id=\"e39ac3a\" data-element_type=\"widget\" data-e-type=\"widget\" data-settings=\"{&quot;step_next_label&quot;:&quot;Next&quot;,&quot;step_previous_label&quot;:&quot;Previous&quot;,&quot;button_width&quot;:&quot;100&quot;,&quot;step_type&quot;:&quot;number_text&quot;,&quot;step_icon_shape&quot;:&quot;circle&quot;}\" data-widget_type=\"form.default\">\n\t\t\t\t<div class=\"elementor-widget-container\">\n\t\t\t\t\t\t\t<form class=\"elementor-form\" method=\"post\" name=\"New Form\" aria-label=\"New Form\">\n\t\t\t<input type=\"hidden\" name=\"post_id\" value=\"5283\"\/>\n\t\t\t<input type=\"hidden\" name=\"form_id\" value=\"e39ac3a\"\/>\n\t\t\t<input type=\"hidden\" name=\"referer_title\" value=\"Hidrosistemas\" \/>\n\n\t\t\t\n\t\t\t<div class=\"elementor-form-fields-wrapper elementor-labels-above\">\n\t\t\t\t\t\t\t\t<div class=\"elementor-field-type-text elementor-field-group elementor-column elementor-field-group-name elementor-col-100 elementor-field-required\">\n\t\t\t\t\t\t\t\t\t\t\t\t<label for=\"form-field-name\" class=\"elementor-field-label\">\n\t\t\t\t\t\t\t\tTu nombre\t\t\t\t\t\t\t<\/label>\n\t\t\t\t\t\t\t\t\t\t\t\t\t\t<input size=\"1\" type=\"text\" name=\"form_fields[name]\" id=\"form-field-name\" class=\"elementor-field elementor-size-sm  elementor-field-textual\" required=\"required\">\n\t\t\t\t\t\t\t\t\t\t\t<\/div>\n\t\t\t\t\t\t\t\t<div class=\"elementor-field-type-email elementor-field-group elementor-column elementor-field-group-email elementor-col-100 elementor-field-required\">\n\t\t\t\t\t\t\t\t\t\t\t\t<label for=\"form-field-email\" class=\"elementor-field-label\">\n\t\t\t\t\t\t\t\tTu Email\t\t\t\t\t\t\t<\/label>\n\t\t\t\t\t\t\t\t\t\t\t\t\t\t<input size=\"1\" type=\"email\" name=\"form_fields[email]\" id=\"form-field-email\" class=\"elementor-field elementor-size-sm  elementor-field-textual\" required=\"required\">\n\t\t\t\t\t\t\t\t\t\t\t<\/div>\n\t\t\t\t\t\t\t\t<div class=\"elementor-field-type-tel elementor-field-group elementor-column elementor-field-group-field_f4f45fe elementor-col-100 elementor-field-required\">\n\t\t\t\t\t\t\t\t\t\t\t\t<label for=\"form-field-field_f4f45fe\" class=\"elementor-field-label\">\n\t\t\t\t\t\t\t\tTu Tel\u00e9fono\t\t\t\t\t\t\t<\/label>\n\t\t\t\t\t\t\t\t<input size=\"1\" type=\"tel\" name=\"form_fields[field_f4f45fe]\" id=\"form-field-field_f4f45fe\" class=\"elementor-field elementor-size-sm  elementor-field-textual\" required=\"required\" pattern=\"[0-9()#&amp;+*-=.]+\" title=\"Only numbers and phone characters (#, -, *, etc) are accepted.\">\n\n\t\t\t\t\t\t<\/div>\n\t\t\t\t\t\t\t\t<div class=\"elementor-field-type-select elementor-field-group elementor-column elementor-field-group-field_208da88 elementor-col-100 elementor-field-required\">\n\t\t\t\t\t\t\t\t\t\t\t\t<label for=\"form-field-field_208da88\" class=\"elementor-field-label\">\n\t\t\t\t\t\t\t\tSobre qu\u00e9 requieres informaci\u00f3n\t\t\t\t\t\t\t<\/label>\n\t\t\t\t\t\t\t\t<div class=\"elementor-field elementor-select-wrapper remove-before \">\n\t\t\t<div class=\"select-caret-down-wrapper\">\n\t\t\t\t<i aria-hidden=\"true\" class=\"eicon-caret-down\"><\/i>\t\t\t<\/div>\n\t\t\t<select name=\"form_fields[field_208da88]\" id=\"form-field-field_208da88\" class=\"elementor-field-textual elementor-size-sm\" required=\"required\">\n\t\t\t\t\t\t\t\t\t<option value=\"Zeus Well\">Zeus Well<\/option>\n\t\t\t\t\t\t\t\t\t<option value=\"Zeus Flow\">Zeus Flow<\/option>\n\t\t\t\t\t\t\t\t\t<option value=\"Zeus SSR\">Zeus SSR<\/option>\n\t\t\t\t\t\t\t\t\t<option value=\"Zeus Hidroline\">Zeus Hidroline<\/option>\n\t\t\t\t\t\t\t\t\t<option value=\"Zeus Mining\">Zeus Mining<\/option>\n\t\t\t\t\t\t\t\t\t<option value=\"Venta de equipos\">Venta de equipos<\/option>\n\t\t\t\t\t\t\t\t\t<option value=\"Invernaderos inteligentes\">Invernaderos inteligentes<\/option>\n\t\t\t\t\t\t\t<\/select>\n\t\t<\/div>\n\t\t\t\t\t\t<\/div>\n\t\t\t\t\t\t\t\t<div class=\"elementor-field-type-textarea elementor-field-group elementor-column elementor-field-group-message elementor-col-100\">\n\t\t\t\t\t\t\t\t\t\t\t\t<label for=\"form-field-message\" class=\"elementor-field-label\">\n\t\t\t\t\t\t\t\tTu Mensaje\t\t\t\t\t\t\t<\/label>\n\t\t\t\t\t\t<textarea class=\"elementor-field-textual elementor-field  elementor-size-sm\" name=\"form_fields[message]\" id=\"form-field-message\" rows=\"4\"><\/textarea>\t\t\t\t<\/div>\n\t\t\t\t\t\t\t\t<div class=\"elementor-field-type-recaptcha_v3 elementor-field-group elementor-column elementor-field-group-field_82fd066 elementor-col-100 recaptcha_v3-inline\">\n\t\t\t\t\t<div class=\"elementor-field\" id=\"form-field-field_82fd066\"><div class=\"elementor-g-recaptcha\" data-sitekey=\"6LdgRagqAAAAAHVhzZ_TYfbBYJQM-4vJQYcsV3U5\" data-type=\"v3\" data-action=\"Form\" data-badge=\"inline\" data-size=\"invisible\"><\/div><\/div>\t\t\t\t<\/div>\n\t\t\t\t\t\t\t\t<div class=\"elementor-field-group elementor-column elementor-field-type-submit elementor-col-100 e-form__buttons\">\n\t\t\t\t\t<button class=\"elementor-button elementor-size-sm\" type=\"submit\">\n\t\t\t\t\t\t<span class=\"elementor-button-content-wrapper\">\n\t\t\t\t\t\t\t\t\t\t\t\t\t\t\t\t\t\t\t\t\t\t<span class=\"elementor-button-text\">Enviar<\/span>\n\t\t\t\t\t\t\t\t\t\t\t\t\t<\/span>\n\t\t\t\t\t<\/button>\n\t\t\t\t<\/div>\n\t\t\t<\/div>\n\t\t<\/form>\n\t\t\t\t\t\t<\/div>\n\t\t\t\t<\/div>\n\t\t\t\t\t<\/div>\n\t\t<\/div>\n\t\t\t\t\t<\/div>\n\t\t<\/section>\n\t\t\t\t<\/div>\n\t\t","protected":false},"excerpt":{"rendered":"<p>Inscr\u00edbete aqu\u00ed para el pr\u00f3ximo Webinar Microcom Mi\u00e9rcoles 11 de Octubre &#8211; 10:00 hrs. Contacto Hidrosistemas Si tienes alg\u00fan requerimiento o proyecto para la implementaci\u00f3n de tu pozo, sistema de extracci\u00f3n o instalaci\u00f3n de sistema de telemetr\u00eda Zeus para cumplir con la normativa DGA 1238 vigente, llena este formulario y te contactaremos a la brevedad.<\/p>\n","protected":false},"author":1,"featured_media":0,"parent":0,"menu_order":0,"comment_status":"closed","ping_status":"closed","template":"elementor_header_footer","meta":{"inline_featured_image":false,"footnotes":""},"class_list":["post-5283","page","type-page","status-publish","hentry"],"yoast_head":"<!-- This site is optimized with the Yoast SEO plugin v27.5 - https:\/\/yoast.com\/product\/yoast-seo-wordpress\/ -->\n<title>Contacto | Hidrosistemas<\/title>\n<meta name=\"robots\" content=\"index, follow, max-snippet:-1, max-image-preview:large, max-video-preview:-1\" \/>\n<link rel=\"canonical\" href=\"https:\/\/hidrosistemas.cl\/web\/contacto\/\" \/>\n<meta property=\"og:locale\" content=\"es_ES\" \/>\n<meta property=\"og:type\" content=\"article\" \/>\n<meta property=\"og:title\" content=\"Contacto | Hidrosistemas\" \/>\n<meta property=\"og:description\" content=\"Inscr\u00edbete aqu\u00ed para el pr\u00f3ximo Webinar Microcom Mi\u00e9rcoles 11 de Octubre &#8211; 10:00 hrs. Contacto Hidrosistemas Si tienes alg\u00fan requerimiento o proyecto para la implementaci\u00f3n de tu pozo, sistema de extracci\u00f3n o instalaci\u00f3n de sistema de telemetr\u00eda Zeus para cumplir con la normativa DGA 1238 vigente, llena este formulario y te contactaremos a la brevedad.\" \/>\n<meta property=\"og:url\" content=\"https:\/\/hidrosistemas.cl\/web\/contacto\/\" \/>\n<meta property=\"og:site_name\" content=\"Hidrosistemas\" \/>\n<meta property=\"article:publisher\" content=\"https:\/\/www.facebook.com\/HidrosistemasChile\" \/>\n<meta property=\"article:modified_time\" content=\"2025-12-12T20:45:03+00:00\" \/>\n<meta property=\"og:image\" content=\"https:\/\/hidrosistemas.cl\/web\/wp-content\/uploads\/2022\/10\/logo-microcom.png\" \/>\n\t<meta property=\"og:image:width\" content=\"400\" \/>\n\t<meta property=\"og:image:height\" content=\"100\" \/>\n\t<meta property=\"og:image:type\" content=\"image\/png\" \/>\n<meta name=\"twitter:card\" content=\"summary_large_image\" \/>\n<meta name=\"twitter:label1\" content=\"Tiempo estimado de lectura\" \/>\n\t<meta name=\"twitter:data1\" content=\"1 minuto\" \/>\n<script type=\"application\/ld+json\" class=\"yoast-schema-graph\">{\"@context\":\"https:\\\/\\\/schema.org\",\"@graph\":[{\"@type\":\"WebPage\",\"@id\":\"https:\\\/\\\/hidrosistemas.cl\\\/web\\\/contacto\\\/\",\"url\":\"https:\\\/\\\/hidrosistemas.cl\\\/web\\\/contacto\\\/\",\"name\":\"Contacto | Hidrosistemas\",\"isPartOf\":{\"@id\":\"https:\\\/\\\/hidrosistemas.cl\\\/web\\\/#website\"},\"primaryImageOfPage\":{\"@id\":\"https:\\\/\\\/hidrosistemas.cl\\\/web\\\/contacto\\\/#primaryimage\"},\"image\":{\"@id\":\"https:\\\/\\\/hidrosistemas.cl\\\/web\\\/contacto\\\/#primaryimage\"},\"thumbnailUrl\":\"https:\\\/\\\/hidrosistemas.cl\\\/web\\\/wp-content\\\/uploads\\\/2022\\\/10\\\/logo-microcom.png\",\"datePublished\":\"2023-08-18T15:37:16+00:00\",\"dateModified\":\"2025-12-12T20:45:03+00:00\",\"breadcrumb\":{\"@id\":\"https:\\\/\\\/hidrosistemas.cl\\\/web\\\/contacto\\\/#breadcrumb\"},\"inLanguage\":\"es-CL\",\"potentialAction\":[{\"@type\":\"ReadAction\",\"target\":[\"https:\\\/\\\/hidrosistemas.cl\\\/web\\\/contacto\\\/\"]}]},{\"@type\":\"ImageObject\",\"inLanguage\":\"es-CL\",\"@id\":\"https:\\\/\\\/hidrosistemas.cl\\\/web\\\/contacto\\\/#primaryimage\",\"url\":\"https:\\\/\\\/hidrosistemas.cl\\\/web\\\/wp-content\\\/uploads\\\/2022\\\/10\\\/logo-microcom.png\",\"contentUrl\":\"https:\\\/\\\/hidrosistemas.cl\\\/web\\\/wp-content\\\/uploads\\\/2022\\\/10\\\/logo-microcom.png\",\"width\":400,\"height\":100,\"caption\":\"logo-microcom\"},{\"@type\":\"BreadcrumbList\",\"@id\":\"https:\\\/\\\/hidrosistemas.cl\\\/web\\\/contacto\\\/#breadcrumb\",\"itemListElement\":[{\"@type\":\"ListItem\",\"position\":1,\"name\":\"Portada\",\"item\":\"https:\\\/\\\/hidrosistemas.cl\\\/web\\\/\"},{\"@type\":\"ListItem\",\"position\":2,\"name\":\"Contacto\"}]},{\"@type\":\"WebSite\",\"@id\":\"https:\\\/\\\/hidrosistemas.cl\\\/web\\\/#website\",\"url\":\"https:\\\/\\\/hidrosistemas.cl\\\/web\\\/\",\"name\":\"Hidrosistemas\",\"description\":\"Monitoreo de Pozos - Norma DGA 1238\",\"publisher\":{\"@id\":\"https:\\\/\\\/hidrosistemas.cl\\\/web\\\/#organization\"},\"potentialAction\":[{\"@type\":\"SearchAction\",\"target\":{\"@type\":\"EntryPoint\",\"urlTemplate\":\"https:\\\/\\\/hidrosistemas.cl\\\/web\\\/?s={search_term_string}\"},\"query-input\":{\"@type\":\"PropertyValueSpecification\",\"valueRequired\":true,\"valueName\":\"search_term_string\"}}],\"inLanguage\":\"es-CL\"},{\"@type\":\"Organization\",\"@id\":\"https:\\\/\\\/hidrosistemas.cl\\\/web\\\/#organization\",\"name\":\"Hidrosistemas\",\"url\":\"https:\\\/\\\/hidrosistemas.cl\\\/web\\\/\",\"logo\":{\"@type\":\"ImageObject\",\"inLanguage\":\"es-CL\",\"@id\":\"https:\\\/\\\/hidrosistemas.cl\\\/web\\\/#\\\/schema\\\/logo\\\/image\\\/\",\"url\":\"https:\\\/\\\/hidrosistemas.cl\\\/web\\\/wp-content\\\/uploads\\\/2022\\\/06\\\/Logo-Hidrosistemas.svg\",\"contentUrl\":\"https:\\\/\\\/hidrosistemas.cl\\\/web\\\/wp-content\\\/uploads\\\/2022\\\/06\\\/Logo-Hidrosistemas.svg\",\"caption\":\"Hidrosistemas\"},\"image\":{\"@id\":\"https:\\\/\\\/hidrosistemas.cl\\\/web\\\/#\\\/schema\\\/logo\\\/image\\\/\"},\"sameAs\":[\"https:\\\/\\\/www.facebook.com\\\/HidrosistemasChile\",\"https:\\\/\\\/www.instagram.com\\\/hidrosistemas_chile\\\/\",\"https:\\\/\\\/www.linkedin.com\\\/company\\\/33207457\\\/admin\\\/\"]}]}<\/script>\n<!-- \/ Yoast SEO plugin. -->","yoast_head_json":{"title":"Contacto | Hidrosistemas","robots":{"index":"index","follow":"follow","max-snippet":"max-snippet:-1","max-image-preview":"max-image-preview:large","max-video-preview":"max-video-preview:-1"},"canonical":"https:\/\/hidrosistemas.cl\/web\/contacto\/","og_locale":"es_ES","og_type":"article","og_title":"Contacto | Hidrosistemas","og_description":"Inscr\u00edbete aqu\u00ed para el pr\u00f3ximo Webinar Microcom Mi\u00e9rcoles 11 de Octubre &#8211; 10:00 hrs. Contacto Hidrosistemas Si tienes alg\u00fan requerimiento o proyecto para la implementaci\u00f3n de tu pozo, sistema de extracci\u00f3n o instalaci\u00f3n de sistema de telemetr\u00eda Zeus para cumplir con la normativa DGA 1238 vigente, llena este formulario y te contactaremos a la brevedad.","og_url":"https:\/\/hidrosistemas.cl\/web\/contacto\/","og_site_name":"Hidrosistemas","article_publisher":"https:\/\/www.facebook.com\/HidrosistemasChile","article_modified_time":"2025-12-12T20:45:03+00:00","og_image":[{"width":400,"height":100,"url":"https:\/\/hidrosistemas.cl\/web\/wp-content\/uploads\/2022\/10\/logo-microcom.png","type":"image\/png"}],"twitter_card":"summary_large_image","twitter_misc":{"Tiempo estimado de lectura":"1 minuto"},"schema":{"@context":"https:\/\/schema.org","@graph":[{"@type":"WebPage","@id":"https:\/\/hidrosistemas.cl\/web\/contacto\/","url":"https:\/\/hidrosistemas.cl\/web\/contacto\/","name":"Contacto | Hidrosistemas","isPartOf":{"@id":"https:\/\/hidrosistemas.cl\/web\/#website"},"primaryImageOfPage":{"@id":"https:\/\/hidrosistemas.cl\/web\/contacto\/#primaryimage"},"image":{"@id":"https:\/\/hidrosistemas.cl\/web\/contacto\/#primaryimage"},"thumbnailUrl":"https:\/\/hidrosistemas.cl\/web\/wp-content\/uploads\/2022\/10\/logo-microcom.png","datePublished":"2023-08-18T15:37:16+00:00","dateModified":"2025-12-12T20:45:03+00:00","breadcrumb":{"@id":"https:\/\/hidrosistemas.cl\/web\/contacto\/#breadcrumb"},"inLanguage":"es-CL","potentialAction":[{"@type":"ReadAction","target":["https:\/\/hidrosistemas.cl\/web\/contacto\/"]}]},{"@type":"ImageObject","inLanguage":"es-CL","@id":"https:\/\/hidrosistemas.cl\/web\/contacto\/#primaryimage","url":"https:\/\/hidrosistemas.cl\/web\/wp-content\/uploads\/2022\/10\/logo-microcom.png","contentUrl":"https:\/\/hidrosistemas.cl\/web\/wp-content\/uploads\/2022\/10\/logo-microcom.png","width":400,"height":100,"caption":"logo-microcom"},{"@type":"BreadcrumbList","@id":"https:\/\/hidrosistemas.cl\/web\/contacto\/#breadcrumb","itemListElement":[{"@type":"ListItem","position":1,"name":"Portada","item":"https:\/\/hidrosistemas.cl\/web\/"},{"@type":"ListItem","position":2,"name":"Contacto"}]},{"@type":"WebSite","@id":"https:\/\/hidrosistemas.cl\/web\/#website","url":"https:\/\/hidrosistemas.cl\/web\/","name":"Hidrosistemas","description":"Monitoreo de Pozos - Norma DGA 1238","publisher":{"@id":"https:\/\/hidrosistemas.cl\/web\/#organization"},"potentialAction":[{"@type":"SearchAction","target":{"@type":"EntryPoint","urlTemplate":"https:\/\/hidrosistemas.cl\/web\/?s={search_term_string}"},"query-input":{"@type":"PropertyValueSpecification","valueRequired":true,"valueName":"search_term_string"}}],"inLanguage":"es-CL"},{"@type":"Organization","@id":"https:\/\/hidrosistemas.cl\/web\/#organization","name":"Hidrosistemas","url":"https:\/\/hidrosistemas.cl\/web\/","logo":{"@type":"ImageObject","inLanguage":"es-CL","@id":"https:\/\/hidrosistemas.cl\/web\/#\/schema\/logo\/image\/","url":"https:\/\/hidrosistemas.cl\/web\/wp-content\/uploads\/2022\/06\/Logo-Hidrosistemas.svg","contentUrl":"https:\/\/hidrosistemas.cl\/web\/wp-content\/uploads\/2022\/06\/Logo-Hidrosistemas.svg","caption":"Hidrosistemas"},"image":{"@id":"https:\/\/hidrosistemas.cl\/web\/#\/schema\/logo\/image\/"},"sameAs":["https:\/\/www.facebook.com\/HidrosistemasChile","https:\/\/www.instagram.com\/hidrosistemas_chile\/","https:\/\/www.linkedin.com\/company\/33207457\/admin\/"]}]}},"_links":{"self":[{"href":"https:\/\/hidrosistemas.cl\/web\/wp-json\/wp\/v2\/pages\/5283","targetHints":{"allow":["GET"]}}],"collection":[{"href":"https:\/\/hidrosistemas.cl\/web\/wp-json\/wp\/v2\/pages"}],"about":[{"href":"https:\/\/hidrosistemas.cl\/web\/wp-json\/wp\/v2\/types\/page"}],"author":[{"embeddable":true,"href":"https:\/\/hidrosistemas.cl\/web\/wp-json\/wp\/v2\/users\/1"}],"replies":[{"embeddable":true,"href":"https:\/\/hidrosistemas.cl\/web\/wp-json\/wp\/v2\/comments?post=5283"}],"version-history":[{"count":1,"href":"https:\/\/hidrosistemas.cl\/web\/wp-json\/wp\/v2\/pages\/5283\/revisions"}],"predecessor-version":[{"id":10183,"href":"https:\/\/hidrosistemas.cl\/web\/wp-json\/wp\/v2\/pages\/5283\/revisions\/10183"}],"wp:attachment":[{"href":"https:\/\/hidrosistemas.cl\/web\/wp-json\/wp\/v2\/media?parent=5283"}],"curies":[{"name":"wp","href":"https:\/\/api.w.org\/{rel}","templated":true}]}}