{"id":8500,"date":"2025-08-28T11:33:17","date_gmt":"2025-08-28T15:33:17","guid":{"rendered":"https:\/\/hidrosistemas.cl\/web\/?page_id=8500"},"modified":"2026-02-16T11:59:11","modified_gmt":"2026-02-16T15:59:11","slug":"politica-de-calidad","status":"publish","type":"page","link":"https:\/\/hidrosistemas.cl\/web\/politica-de-calidad\/","title":{"rendered":"Pol\u00edtica de Calidad"},"content":{"rendered":"\t\t<div data-elementor-type=\"wp-page\" data-elementor-id=\"8500\" class=\"elementor elementor-8500\" data-elementor-post-type=\"page\">\n\t\t\t\t<div class=\"elementor-element elementor-element-6f438cb e-flex e-con-boxed e-con e-parent\" data-id=\"6f438cb\" data-element_type=\"container\" data-e-type=\"container\">\n\t\t\t\t\t<div class=\"e-con-inner\">\n\t\t<div class=\"elementor-element elementor-element-c746b8a e-con-full e-flex e-con e-child\" data-id=\"c746b8a\" data-element_type=\"container\" data-e-type=\"container\" data-settings=\"{&quot;background_background&quot;:&quot;classic&quot;}\">\n\t\t<div class=\"elementor-element elementor-element-2188dac e-con-full e-flex e-con e-child\" data-id=\"2188dac\" data-element_type=\"container\" data-e-type=\"container\" data-settings=\"{&quot;background_background&quot;:&quot;classic&quot;}\">\n\t\t\t\t<div class=\"elementor-element elementor-element-fe1467a elementor-invisible elementor-widget elementor-widget-heading\" data-id=\"fe1467a\" data-element_type=\"widget\" data-e-type=\"widget\" data-settings=\"{&quot;_animation&quot;:&quot;fadeInRight&quot;}\" data-widget_type=\"heading.default\">\n\t\t\t\t<div class=\"elementor-widget-container\">\n\t\t\t\t\t<h1 class=\"elementor-heading-title elementor-size-default\">Pol\u00edtica integrada<\/h1>\t\t\t\t<\/div>\n\t\t\t\t<\/div>\n\t\t\t\t<div class=\"elementor-element elementor-element-8970738 elementor-invisible elementor-widget elementor-widget-heading\" data-id=\"8970738\" data-element_type=\"widget\" data-e-type=\"widget\" data-settings=\"{&quot;_animation&quot;:&quot;fadeInLeft&quot;}\" data-widget_type=\"heading.default\">\n\t\t\t\t<div class=\"elementor-widget-container\">\n\t\t\t\t\t<h1 class=\"elementor-heading-title elementor-size-default\">de seguridad y salud en el trabajo, medio ambiente y calidad<\/h1>\t\t\t\t<\/div>\n\t\t\t\t<\/div>\n\t\t\t\t<div class=\"elementor-element elementor-element-ea73ea0 elementor-invisible elementor-widget elementor-widget-text-editor\" data-id=\"ea73ea0\" data-element_type=\"widget\" data-e-type=\"widget\" data-settings=\"{&quot;_animation&quot;:&quot;fadeInRight&quot;}\" data-widget_type=\"text-editor.default\">\n\t\t\t\t<div class=\"elementor-widget-container\">\n\t\t\t\t\t\t\t\t\t<p class=\"p2\">En HIDROSISTEMAS, empresa dedicada al dise\u00f1o, instalaci\u00f3n y mantenci\u00f3n de sistemas de bombeo, telemetr\u00eda y telecontrol de aguas para la industria y el sector p\u00fablico, cuyo prop\u00f3sito es entregar calidad en la prestaci\u00f3n de sus servicios, promoviendo la salud, seguridad e integridad de sus trabajadores como un eje central en el desarrollo de sus labores, a trav\u00e9s de sus planes preventivos y junto con esto el compromiso permanente de protecci\u00f3n al medio ambiente, garantizando el uso racional de los recursos y la gesti\u00f3n de los residuos.<\/p>\t\t\t\t\t\t\t\t<\/div>\n\t\t\t\t<\/div>\n\t\t\t\t<\/div>\n\t\t<div class=\"elementor-element elementor-element-678ef45 e-con-full e-flex elementor-invisible e-con e-child\" data-id=\"678ef45\" data-element_type=\"container\" data-e-type=\"container\" data-settings=\"{&quot;background_background&quot;:&quot;classic&quot;,&quot;animation&quot;:&quot;zoomIn&quot;}\">\n\t\t\t\t<div class=\"elementor-element elementor-element-167440e elementor-widget elementor-widget-text-editor\" data-id=\"167440e\" data-element_type=\"widget\" data-e-type=\"widget\" data-widget_type=\"text-editor.default\">\n\t\t\t\t<div class=\"elementor-widget-container\">\n\t\t\t\t\t\t\t\t\t<p class=\"p2\"><span style=\"font-size: 1rem;\">Con este prop\u00f3sito, declaramos nuestro compromiso de:<\/span><span class=\"Apple-converted-space\" style=\"font-size: 1rem;\">\u00a0<\/span><\/p><p class=\"p2\">1. Satisfacer los requisitos y expectativas de nuestros clientes, mediante procesos eficaces, orientados a la mejora continua y al cumplimiento riguroso de los compromisos contractuales.<span class=\"Apple-converted-space\">\u00a0<\/span><\/p><p class=\"p2\">2. Proporcionar un lugar de trabajo seguro y saludable mediante la implementaci\u00f3n de medidas de gesti\u00f3n preventiva de riesgos, prevenci\u00f3n de lesiones y deterioro a la salud relacionados con el trabajo, eliminando los peligros y reduciendo los riesgos asociados a los procesos ejecutados por la organizaci\u00f3n y la promoci\u00f3n de una cultura de trabajo segura y saludable.<span class=\"Apple-converted-space\">\u00a0<\/span><\/p><p class=\"p2\">3. Prevenir la contaminaci\u00f3n y proteger el medio ambiente, promoviendo el uso responsable de los recursos naturales, gestionando los aspectos e impactos ambientales y asegurando la correcta disposici\u00f3n de residuos.<span class=\"Apple-converted-space\">\u00a0<\/span><\/p><p class=\"p2\">4. Cumplir con todos los requisitos legales y reglamentarios aplicables, as\u00ed como con otros compromisos voluntarios asumidos por la organizaci\u00f3n.<span class=\"Apple-converted-space\">\u00a0<\/span><\/p><p class=\"p2\">5. Promover la participaci\u00f3n activa y la consulta de nuestros trabajadores y sus representantes en la toma de decisiones relacionadas con la seguridad, salud laboral y desempe\u00f1o ambiental.<span class=\"Apple-converted-space\">\u00a0<\/span><\/p><p class=\"p2\">6. Impulsar la mejora continua del Sistema de Gesti\u00f3n Integrado, mediante la evaluaci\u00f3n de resultados, auditor\u00edas internas, revisi\u00f3n por la direcci\u00f3n y el uso de indicadores de desempe\u00f1o.<span class=\"Apple-converted-space\">\u00a0<\/span><\/p>\t\t\t\t\t\t\t\t<\/div>\n\t\t\t\t<\/div>\n\t\t\t\t<\/div>\n\t\t\t\t<\/div>\n\t\t\t\t\t<\/div>\n\t\t\t\t<\/div>\n\t\t<div class=\"elementor-element elementor-element-4485cc3 e-flex e-con-boxed e-con e-parent\" data-id=\"4485cc3\" data-element_type=\"container\" data-e-type=\"container\">\n\t\t\t\t\t<div class=\"e-con-inner\">\n\t\t<div class=\"elementor-element elementor-element-4c3d002 e-con-full e-flex e-con e-child\" data-id=\"4c3d002\" data-element_type=\"container\" data-e-type=\"container\">\n\t\t\t\t<div class=\"elementor-element elementor-element-49b2c67 elementor-widget elementor-widget-image\" data-id=\"49b2c67\" data-element_type=\"widget\" data-e-type=\"widget\" data-widget_type=\"image.default\">\n\t\t\t\t<div class=\"elementor-widget-container\">\n\t\t\t\t\t\t\t\t\t\t\t\t\t\t\t<img fetchpriority=\"high\" decoding=\"async\" width=\"528\" height=\"116\" src=\"https:\/\/hidrosistemas.cl\/web\/wp-content\/uploads\/2022\/11\/Logo-Hidrosistemas-2022.png\" class=\"attachment-large size-large wp-image-2845\" alt=\"logo-hidrosistemas\" srcset=\"https:\/\/hidrosistemas.cl\/web\/wp-content\/uploads\/2022\/11\/Logo-Hidrosistemas-2022.png 528w, https:\/\/hidrosistemas.cl\/web\/wp-content\/uploads\/2022\/11\/Logo-Hidrosistemas-2022-300x66.png 300w\" sizes=\"(max-width: 528px) 100vw, 528px\" \/>\t\t\t\t\t\t\t\t\t\t\t\t\t\t\t<\/div>\n\t\t\t\t<\/div>\n\t\t\t\t<\/div>\n\t\t\t\t\t<\/div>\n\t\t\t\t<\/div>\n\t\t\t\t<\/div>\n\t\t","protected":false},"excerpt":{"rendered":"<p>Pol\u00edtica integrada de seguridad y salud en el trabajo, medio ambiente y calidad En HIDROSISTEMAS, empresa dedicada al dise\u00f1o, instalaci\u00f3n y mantenci\u00f3n de sistemas de bombeo, telemetr\u00eda y telecontrol de aguas para la industria y el sector p\u00fablico, cuyo prop\u00f3sito es entregar calidad en la prestaci\u00f3n de sus servicios, promoviendo la salud, seguridad e integridad [&hellip;]<\/p>\n","protected":false},"author":2,"featured_media":0,"parent":0,"menu_order":0,"comment_status":"closed","ping_status":"closed","template":"elementor_header_footer","meta":{"inline_featured_image":false,"footnotes":""},"class_list":["post-8500","page","type-page","status-publish","hentry"],"yoast_head":"<!-- This site is optimized with the Yoast SEO plugin v27.5 - https:\/\/yoast.com\/product\/yoast-seo-wordpress\/ -->\n<title>Pol\u00edtica de Calidad | Hidrosistemas<\/title>\n<meta name=\"description\" content=\"Pol\u00edtica integrada de seguridad y salud en el trabajo, medio ambiente y calidad.\" \/>\n<meta name=\"robots\" content=\"index, follow, max-snippet:-1, max-image-preview:large, max-video-preview:-1\" \/>\n<link rel=\"canonical\" href=\"https:\/\/hidrosistemas.cl\/web\/politica-de-calidad\/\" \/>\n<meta property=\"og:locale\" content=\"es_ES\" \/>\n<meta property=\"og:type\" content=\"article\" \/>\n<meta property=\"og:title\" content=\"Pol\u00edtica de Calidad | Hidrosistemas\" \/>\n<meta property=\"og:description\" content=\"Pol\u00edtica integrada de seguridad y salud en el trabajo, medio ambiente y calidad.\" \/>\n<meta property=\"og:url\" content=\"https:\/\/hidrosistemas.cl\/web\/politica-de-calidad\/\" \/>\n<meta property=\"og:site_name\" content=\"Hidrosistemas\" \/>\n<meta property=\"article:publisher\" content=\"https:\/\/www.facebook.com\/HidrosistemasChile\" \/>\n<meta property=\"article:modified_time\" content=\"2026-02-16T15:59:11+00:00\" \/>\n<meta property=\"og:image\" content=\"https:\/\/hidrosistemas.cl\/web\/wp-content\/uploads\/2022\/11\/Logo-Hidrosistemas-2022.png\" \/>\n\t<meta property=\"og:image:width\" content=\"528\" \/>\n\t<meta property=\"og:image:height\" content=\"116\" \/>\n\t<meta property=\"og:image:type\" content=\"image\/png\" \/>\n<meta name=\"twitter:card\" content=\"summary_large_image\" \/>\n<meta name=\"twitter:label1\" content=\"Tiempo estimado de lectura\" \/>\n\t<meta name=\"twitter:data1\" content=\"2 minutos\" \/>\n<script type=\"application\/ld+json\" class=\"yoast-schema-graph\">{\"@context\":\"https:\\\/\\\/schema.org\",\"@graph\":[{\"@type\":\"WebPage\",\"@id\":\"https:\\\/\\\/hidrosistemas.cl\\\/web\\\/politica-de-calidad\\\/\",\"url\":\"https:\\\/\\\/hidrosistemas.cl\\\/web\\\/politica-de-calidad\\\/\",\"name\":\"Pol\u00edtica de Calidad | Hidrosistemas\",\"isPartOf\":{\"@id\":\"https:\\\/\\\/hidrosistemas.cl\\\/web\\\/#website\"},\"primaryImageOfPage\":{\"@id\":\"https:\\\/\\\/hidrosistemas.cl\\\/web\\\/politica-de-calidad\\\/#primaryimage\"},\"image\":{\"@id\":\"https:\\\/\\\/hidrosistemas.cl\\\/web\\\/politica-de-calidad\\\/#primaryimage\"},\"thumbnailUrl\":\"https:\\\/\\\/hidrosistemas.cl\\\/web\\\/wp-content\\\/uploads\\\/2022\\\/11\\\/Logo-Hidrosistemas-2022.png\",\"datePublished\":\"2025-08-28T15:33:17+00:00\",\"dateModified\":\"2026-02-16T15:59:11+00:00\",\"description\":\"Pol\u00edtica integrada de seguridad y salud en el trabajo, medio ambiente y calidad.\",\"breadcrumb\":{\"@id\":\"https:\\\/\\\/hidrosistemas.cl\\\/web\\\/politica-de-calidad\\\/#breadcrumb\"},\"inLanguage\":\"es-CL\",\"potentialAction\":[{\"@type\":\"ReadAction\",\"target\":[\"https:\\\/\\\/hidrosistemas.cl\\\/web\\\/politica-de-calidad\\\/\"]}]},{\"@type\":\"ImageObject\",\"inLanguage\":\"es-CL\",\"@id\":\"https:\\\/\\\/hidrosistemas.cl\\\/web\\\/politica-de-calidad\\\/#primaryimage\",\"url\":\"https:\\\/\\\/hidrosistemas.cl\\\/web\\\/wp-content\\\/uploads\\\/2022\\\/11\\\/Logo-Hidrosistemas-2022.png\",\"contentUrl\":\"https:\\\/\\\/hidrosistemas.cl\\\/web\\\/wp-content\\\/uploads\\\/2022\\\/11\\\/Logo-Hidrosistemas-2022.png\",\"width\":528,\"height\":116,\"caption\":\"logo-hidrosistemas\"},{\"@type\":\"BreadcrumbList\",\"@id\":\"https:\\\/\\\/hidrosistemas.cl\\\/web\\\/politica-de-calidad\\\/#breadcrumb\",\"itemListElement\":[{\"@type\":\"ListItem\",\"position\":1,\"name\":\"Portada\",\"item\":\"https:\\\/\\\/hidrosistemas.cl\\\/web\\\/\"},{\"@type\":\"ListItem\",\"position\":2,\"name\":\"Pol\u00edtica de Calidad\"}]},{\"@type\":\"WebSite\",\"@id\":\"https:\\\/\\\/hidrosistemas.cl\\\/web\\\/#website\",\"url\":\"https:\\\/\\\/hidrosistemas.cl\\\/web\\\/\",\"name\":\"Hidrosistemas\",\"description\":\"Monitoreo de Pozos - Norma DGA 1238\",\"publisher\":{\"@id\":\"https:\\\/\\\/hidrosistemas.cl\\\/web\\\/#organization\"},\"potentialAction\":[{\"@type\":\"SearchAction\",\"target\":{\"@type\":\"EntryPoint\",\"urlTemplate\":\"https:\\\/\\\/hidrosistemas.cl\\\/web\\\/?s={search_term_string}\"},\"query-input\":{\"@type\":\"PropertyValueSpecification\",\"valueRequired\":true,\"valueName\":\"search_term_string\"}}],\"inLanguage\":\"es-CL\"},{\"@type\":\"Organization\",\"@id\":\"https:\\\/\\\/hidrosistemas.cl\\\/web\\\/#organization\",\"name\":\"Hidrosistemas\",\"url\":\"https:\\\/\\\/hidrosistemas.cl\\\/web\\\/\",\"logo\":{\"@type\":\"ImageObject\",\"inLanguage\":\"es-CL\",\"@id\":\"https:\\\/\\\/hidrosistemas.cl\\\/web\\\/#\\\/schema\\\/logo\\\/image\\\/\",\"url\":\"https:\\\/\\\/hidrosistemas.cl\\\/web\\\/wp-content\\\/uploads\\\/2022\\\/06\\\/Logo-Hidrosistemas.svg\",\"contentUrl\":\"https:\\\/\\\/hidrosistemas.cl\\\/web\\\/wp-content\\\/uploads\\\/2022\\\/06\\\/Logo-Hidrosistemas.svg\",\"caption\":\"Hidrosistemas\"},\"image\":{\"@id\":\"https:\\\/\\\/hidrosistemas.cl\\\/web\\\/#\\\/schema\\\/logo\\\/image\\\/\"},\"sameAs\":[\"https:\\\/\\\/www.facebook.com\\\/HidrosistemasChile\",\"https:\\\/\\\/www.instagram.com\\\/hidrosistemas_chile\\\/\",\"https:\\\/\\\/www.linkedin.com\\\/company\\\/33207457\\\/admin\\\/\"]}]}<\/script>\n<!-- \/ Yoast SEO plugin. -->","yoast_head_json":{"title":"Pol\u00edtica de Calidad | Hidrosistemas","description":"Pol\u00edtica integrada de seguridad y salud en el trabajo, medio ambiente y calidad.","robots":{"index":"index","follow":"follow","max-snippet":"max-snippet:-1","max-image-preview":"max-image-preview:large","max-video-preview":"max-video-preview:-1"},"canonical":"https:\/\/hidrosistemas.cl\/web\/politica-de-calidad\/","og_locale":"es_ES","og_type":"article","og_title":"Pol\u00edtica de Calidad | Hidrosistemas","og_description":"Pol\u00edtica integrada de seguridad y salud en el trabajo, medio ambiente y calidad.","og_url":"https:\/\/hidrosistemas.cl\/web\/politica-de-calidad\/","og_site_name":"Hidrosistemas","article_publisher":"https:\/\/www.facebook.com\/HidrosistemasChile","article_modified_time":"2026-02-16T15:59:11+00:00","og_image":[{"width":528,"height":116,"url":"https:\/\/hidrosistemas.cl\/web\/wp-content\/uploads\/2022\/11\/Logo-Hidrosistemas-2022.png","type":"image\/png"}],"twitter_card":"summary_large_image","twitter_misc":{"Tiempo estimado de lectura":"2 minutos"},"schema":{"@context":"https:\/\/schema.org","@graph":[{"@type":"WebPage","@id":"https:\/\/hidrosistemas.cl\/web\/politica-de-calidad\/","url":"https:\/\/hidrosistemas.cl\/web\/politica-de-calidad\/","name":"Pol\u00edtica de Calidad | Hidrosistemas","isPartOf":{"@id":"https:\/\/hidrosistemas.cl\/web\/#website"},"primaryImageOfPage":{"@id":"https:\/\/hidrosistemas.cl\/web\/politica-de-calidad\/#primaryimage"},"image":{"@id":"https:\/\/hidrosistemas.cl\/web\/politica-de-calidad\/#primaryimage"},"thumbnailUrl":"https:\/\/hidrosistemas.cl\/web\/wp-content\/uploads\/2022\/11\/Logo-Hidrosistemas-2022.png","datePublished":"2025-08-28T15:33:17+00:00","dateModified":"2026-02-16T15:59:11+00:00","description":"Pol\u00edtica integrada de seguridad y salud en el trabajo, medio ambiente y calidad.","breadcrumb":{"@id":"https:\/\/hidrosistemas.cl\/web\/politica-de-calidad\/#breadcrumb"},"inLanguage":"es-CL","potentialAction":[{"@type":"ReadAction","target":["https:\/\/hidrosistemas.cl\/web\/politica-de-calidad\/"]}]},{"@type":"ImageObject","inLanguage":"es-CL","@id":"https:\/\/hidrosistemas.cl\/web\/politica-de-calidad\/#primaryimage","url":"https:\/\/hidrosistemas.cl\/web\/wp-content\/uploads\/2022\/11\/Logo-Hidrosistemas-2022.png","contentUrl":"https:\/\/hidrosistemas.cl\/web\/wp-content\/uploads\/2022\/11\/Logo-Hidrosistemas-2022.png","width":528,"height":116,"caption":"logo-hidrosistemas"},{"@type":"BreadcrumbList","@id":"https:\/\/hidrosistemas.cl\/web\/politica-de-calidad\/#breadcrumb","itemListElement":[{"@type":"ListItem","position":1,"name":"Portada","item":"https:\/\/hidrosistemas.cl\/web\/"},{"@type":"ListItem","position":2,"name":"Pol\u00edtica de Calidad"}]},{"@type":"WebSite","@id":"https:\/\/hidrosistemas.cl\/web\/#website","url":"https:\/\/hidrosistemas.cl\/web\/","name":"Hidrosistemas","description":"Monitoreo de Pozos - Norma DGA 1238","publisher":{"@id":"https:\/\/hidrosistemas.cl\/web\/#organization"},"potentialAction":[{"@type":"SearchAction","target":{"@type":"EntryPoint","urlTemplate":"https:\/\/hidrosistemas.cl\/web\/?s={search_term_string}"},"query-input":{"@type":"PropertyValueSpecification","valueRequired":true,"valueName":"search_term_string"}}],"inLanguage":"es-CL"},{"@type":"Organization","@id":"https:\/\/hidrosistemas.cl\/web\/#organization","name":"Hidrosistemas","url":"https:\/\/hidrosistemas.cl\/web\/","logo":{"@type":"ImageObject","inLanguage":"es-CL","@id":"https:\/\/hidrosistemas.cl\/web\/#\/schema\/logo\/image\/","url":"https:\/\/hidrosistemas.cl\/web\/wp-content\/uploads\/2022\/06\/Logo-Hidrosistemas.svg","contentUrl":"https:\/\/hidrosistemas.cl\/web\/wp-content\/uploads\/2022\/06\/Logo-Hidrosistemas.svg","caption":"Hidrosistemas"},"image":{"@id":"https:\/\/hidrosistemas.cl\/web\/#\/schema\/logo\/image\/"},"sameAs":["https:\/\/www.facebook.com\/HidrosistemasChile","https:\/\/www.instagram.com\/hidrosistemas_chile\/","https:\/\/www.linkedin.com\/company\/33207457\/admin\/"]}]}},"_links":{"self":[{"href":"https:\/\/hidrosistemas.cl\/web\/wp-json\/wp\/v2\/pages\/8500","targetHints":{"allow":["GET"]}}],"collection":[{"href":"https:\/\/hidrosistemas.cl\/web\/wp-json\/wp\/v2\/pages"}],"about":[{"href":"https:\/\/hidrosistemas.cl\/web\/wp-json\/wp\/v2\/types\/page"}],"author":[{"embeddable":true,"href":"https:\/\/hidrosistemas.cl\/web\/wp-json\/wp\/v2\/users\/2"}],"replies":[{"embeddable":true,"href":"https:\/\/hidrosistemas.cl\/web\/wp-json\/wp\/v2\/comments?post=8500"}],"version-history":[{"count":3,"href":"https:\/\/hidrosistemas.cl\/web\/wp-json\/wp\/v2\/pages\/8500\/revisions"}],"predecessor-version":[{"id":11895,"href":"https:\/\/hidrosistemas.cl\/web\/wp-json\/wp\/v2\/pages\/8500\/revisions\/11895"}],"wp:attachment":[{"href":"https:\/\/hidrosistemas.cl\/web\/wp-json\/wp\/v2\/media?parent=8500"}],"curies":[{"name":"wp","href":"https:\/\/api.w.org\/{rel}","templated":true}]}}